{"id":2033,"date":"2020-04-21T09:21:29","date_gmt":"2020-04-21T07:21:29","guid":{"rendered":"https:\/\/crossfitmarbella.com\/are-you-visiting\/"},"modified":"2023-01-11T13:32:34","modified_gmt":"2023-01-11T12:32:34","slug":"estas-de-vacaciones","status":"publish","type":"page","link":"https:\/\/crossfitmarbella.com\/es\/estas-de-vacaciones\/","title":{"rendered":"\u00bfEst\u00e1s de Vacaciones?"},"content":{"rendered":"<section class=\"wpb-content-wrapper\"><p>[vc_row full_width=\u00bbstretch_row\u00bb][vc_column][vc_column_text]<\/p>\n<h1 class=\"text-center customTitle\">VEN A ENTRENAR<br \/><span class=\"primary-color\">CON NOSOTROS<\/span><\/h1>\n<p>[\/vc_column_text][vc_empty_space height=\u00bb60px\u00bb][vc_row_inner gap=\u00bb35&#8243;][vc_column_inner width=\u00bb1\/2&#8243;][vc_column_text]<\/p>\n<p class=\"customP\">CrossFit Marbella ser\u00e1 tu hogar lejos de casa mientras est\u00e9s en Marbella. A lo largo de los a\u00f1os hemos dado la bienvenida a entusiastas del fitness de todos los rincones del planeta y nos encanta que los visitantes vengan y compartan sus historias y experiencias de CrossFit con nosotros.<\/p>\n<p>[\/vc_column_text][\/vc_column_inner][vc_column_inner el_class=\u00bbleftSeparator\u00bb width=\u00bb1\/2&#8243;][vc_column_text]<\/p>\n<p class=\"customP\">Todos los niveles de fitness son bienvenidos. La gran ventaja de nuestro gimnasio es que tenemos tres programas de clases disponibles. Si tienes m\u00e1s de 3 meses de experiencia en CrossFit o has completado un curso de Fundamentos\/ OnRamp eres bienvenido a unirte a cualquier clase de nuestro horario. Si cuentas con menos de 3 meses de experiencia o no has completado el curso Fundamentos\/OnRamp, entonces te invitamos a comprobar nuestros otras clases, o puedes consultarnos acerca de las opciones de entrenamiento personal si eso es lo que prefieres.<\/p>\n<p>[\/vc_column_text][\/vc_column_inner][\/vc_row_inner][vc_row_inner gap=\u00bb35&#8243;][vc_column_inner][vc_empty_space height=\u00bb40px\u00bb][vc_column_text]<\/p>\n<p class=\"text-md-center customP\">Si est\u00e1s interesado simplemente usar nuestras instalaciones para hacer tu propia programaci\u00f3n, revisa <a class=\"customLink\" href=\"\/es\/clases\/#calendario\">nuestro horario<\/a> de clases de open box o <a class=\"customLink\" href=\"\/es\/contactanos\/\">cont\u00e1ctanos<\/a> para m\u00e1s informaci\u00f3n.<\/p>\n<p>[\/vc_column_text][vc_empty_space height=\u00bb60px\u00bb][\/vc_column_inner][\/vc_row_inner][\/vc_column][\/vc_row][vc_row full_width=\u00bbstretch_row\u00bb css=\u00bb.vc_custom_1587455829474{background-color: #f9f9f9 !important;}\u00bb][vc_column][vc_empty_space height=\u00bb60px\u00bb][vc_column_text]<\/p>\n<h2 style=\"color: #171717 !important; text-align: center; font-size: 43px!important;\">\u00a1Vamos all\u00e1!<\/h2>\n<p>[\/vc_column_text][vc_separator color=\u00bbcustom\u00bb el_width=\u00bb20&#8243; accent_color=\u00bb#d3d3d3&#8243; el_class=\u00bbcustomSeparator\u00bb][vc_column_text]<\/p>\n<p style=\"text-transform: uppercase; text-align: center; letter-spacing: 2px;\">\u00bfSiguiente paso?<\/p>\n<p class=\"text-md-center customP\">Todas las mensualidades o abonos est\u00e1n disponibles para los visitantes. Por favor, haz clic en el enlace para ver cu\u00e1l le conviene.<\/p>\n<p>[\/vc_column_text][vc_empty_space height=\u00bb40px\u00bb][cms_button button_text=\u00bb\u00a1Comprar Ahora!\u00bb link_button=\u00bburl:%2Fes%2Fabonos%2F|||\u00bb icon_type=\u00bbtypicons\u00bb icon_align=\u00bbright\u00bb el_class=\u00bbcustomButton text-center\u00bb][vc_empty_space height=\u00bb60px\u00bb][\/vc_column][\/vc_row][vc_row full_width=\u00bbstretch_row\u00bb][vc_column][vc_empty_space height=\u00bb100px\u00bb][vc_column_text]<\/p>\n<h1 class=\"text-center customTitle\">ALQUILA NUESTRAS<br \/>\n<span class=\"primary-color\">INSTALACIONES<\/span><\/h1>\n<p>[\/vc_column_text][vc_empty_space height=\u00bb60px\u00bb][vc_row_inner][vc_column_inner][vc_column_text]<\/p>\n<p class=\"text-md-center customP\" style=\"text-align: center;\">CrossFit Marbella es el box de CrossFit m\u00e1s grande de la Costa del Sol. Contamos con todo el material de crossfit necesario, en buen estado y listo para usar por grupos de viajeros entusiastas del fitness.<br \/>Durante los \u00faltimos 10 a\u00f1os hemos alquilado nuestro gimnasio a grupos de atletas de toda Europa. Desde CrossFiteros, levantadores de pesas ol\u00edmpicos, equipos de f\u00fatbol, equipos de rugby y a otros grupos entusiastas del fitness. Recientemente hemos ampliado nuestras instalaciones y podemos acoger c\u00f3modamente a un grupo de hasta 30 personas.<\/p>\n<p>[\/vc_column_text][vc_empty_space height=\u00bb36px\u00bb][vc_column_text]<\/p>\n<p class=\"customP\" style=\"text-align: center;\">Por favor, no dudes en contactarnos en <a class=\"customLink\" href=\"mailto:info@crossfitmarbella.com\" target=\"_blank\" rel=\"noopener noreferrer\">info@crossfitmarbella.com<\/a> para ofrecerte m\u00e1s informaci\u00f3n sobre c\u00f3mo podemos ayudarte y a tu equipo a pasarlo lo mejor posible mientras est\u00e1is en Marbella.<\/p>\n<p>[\/vc_column_text][vc_empty_space height=\u00bb130px\u00bb][\/vc_column_inner][\/vc_row_inner][\/vc_column][\/vc_row][vc_row full_width=\u00bbstretch_row_content_no_spaces\u00bb][vc_column el_class=\u00bbBakeryMaps\u00bb][cms_googlemap api=\u00bbAIzaSyChFul-6wgvOqVEdbkCth1y0fugC28vA3k\u00bb coordinate=\u00bb36.49854440396506,-4.989526336293238&#8243; markercoordinate=\u00bb36.49854440396506,-4.989526336293238&#8243; markericon=\u00bb1088&#8243; style=\u00bbcustom\u00bb]JTVCJTdCJTIyZmVhdHVyZVR5cGUlMjIlM0ElMjJhZG1pbmlzdHJhdGl2ZSUyMiUyQyUyMmVsZW1lbnRUeXBlJTIyJTNBJTIybGFiZWxzLnRleHQuZmlsbCUyMiUyQyUyMnN0eWxlcnMlMjIlM0ElNUIlN0IlMjJjb2xvciUyMiUzQSUyMiUyMzQ0NDQ0NCUyMiU3RCU1RCU3RCUyQyU3QiUyMmZlYXR1cmVUeXBlJTIyJTNBJTIybGFuZHNjYXBlJTIyJTJDJTIyZWxlbWVudFR5cGUlMjIlM0ElMjJhbGwlMjIlMkMlMjJzdHlsZXJzJTIyJTNBJTVCJTdCJTIyY29sb3IlMjIlM0ElMjIlMjNmMmYyZjIlMjIlN0QlNUQlN0QlMkMlN0IlMjJmZWF0dXJlVHlwZSUyMiUzQSUyMnBvaSUyMiUyQyUyMmVsZW1lbnRUeXBlJTIyJTNBJTIyYWxsJTIyJTJDJTIyc3R5bGVycyUyMiUzQSU1QiU3QiUyMnZpc2liaWxpdHklMjIlM0ElMjJvZmYlMjIlN0QlNUQlN0QlMkMlN0IlMjJmZWF0dXJlVHlwZSUyMiUzQSUyMnJvYWQlMjIlMkMlMjJlbGVtZW50VHlwZSUyMiUzQSUyMmFsbCUyMiUyQyUyMnN0eWxlcnMlMjIlM0ElNUIlN0IlMjJzYXR1cmF0aW9uJTIyJTNBLTEwMCU3RCUyQyU3QiUyMmxpZ2h0bmVzcyUyMiUzQTQ1JTdEJTVEJTdEJTJDJTdCJTIyZmVhdHVyZVR5cGUlMjIlM0ElMjJyb2FkLmhpZ2h3YXklMjIlMkMlMjJlbGVtZW50VHlwZSUyMiUzQSUyMmFsbCUyMiUyQyUyMnN0eWxlcnMlMjIlM0ElNUIlN0IlMjJ2aXNpYmlsaXR5JTIyJTNBJTIyc2ltcGxpZmllZCUyMiU3RCU1RCU3RCUyQyU3QiUyMmZlYXR1cmVUeXBlJTIyJTNBJTIycm9hZC5hcnRlcmlhbCUyMiUyQyUyMmVsZW1lbnRUeXBlJTIyJTNBJTIyZ2VvbWV0cnkuc3Ryb2tlJTIyJTJDJTIyc3R5bGVycyUyMiUzQSU1QiU3QiUyMnZpc2liaWxpdHklMjIlM0ElMjJvZmYlMjIlN0QlNUQlN0QlMkMlN0IlMjJmZWF0dXJlVHlwZSUyMiUzQSUyMnJvYWQuYXJ0ZXJpYWwlMjIlMkMlMjJlbGVtZW50VHlwZSUyMiUzQSUyMmxhYmVscy5pY29uJTIyJTJDJTIyc3R5bGVycyUyMiUzQSU1QiU3QiUyMnZpc2liaWxpdHklMjIlM0ElMjJvZmYlMjIlN0QlNUQlN0QlMkMlN0IlMjJmZWF0dXJlVHlwZSUyMiUzQSUyMnJvYWQubG9jYWwlMjIlMkMlMjJlbGVtZW50VHlwZSUyMiUzQSUyMmdlb21ldHJ5LnN0cm9rZSUyMiUyQyUyMnN0eWxlcnMlMjIlM0ElNUIlN0IlMjJ2aXNpYmlsaXR5JTIyJTNBJTIyb2ZmJTIyJTdEJTVEJTdEJTJDJTdCJTIyZmVhdHVyZVR5cGUlMjIlM0ElMjJyb2FkLmxvY2FsJTIyJTJDJTIyZWxlbWVudFR5cGUlMjIlM0ElMjJsYWJlbHMudGV4dC5maWxsJTIyJTJDJTIyc3R5bGVycyUyMiUzQSU1QiU3QiUyMmdhbW1hJTIyJTNBJTIyNC4xMSUyMiU3RCU1RCU3RCUyQyU3QiUyMmZlYXR1cmVUeXBlJTIyJTNBJTIydHJhbnNpdCUyMiUyQyUyMmVsZW1lbnRUeXBlJTIyJTNBJTIyYWxsJTIyJTJDJTIyc3R5bGVycyUyMiUzQSU1QiU3QiUyMnZpc2liaWxpdHklMjIlM0ElMjJvZmYlMjIlN0QlNUQlN0QlMkMlN0IlMjJmZWF0dXJlVHlwZSUyMiUzQSUyMnRyYW5zaXQubGluZSUyMiUyQyUyMmVsZW1lbnRUeXBlJTIyJTNBJTIyZ2VvbWV0cnkuZmlsbCUyMiUyQyUyMnN0eWxlcnMlMjIlM0ElNUIlN0IlMjJ2aXNpYmlsaXR5JTIyJTNBJTIyb2ZmJTIyJTdEJTVEJTdEJTJDJTdCJTIyZmVhdHVyZVR5cGUlMjIlM0ElMjJ3YXRlciUyMiUyQyUyMmVsZW1lbnRUeXBlJTIyJTNBJTIyYWxsJTIyJTJDJTIyc3R5bGVycyUyMiUzQSU1QiU3QiUyMmNvbG9yJTIyJTNBJTIyJTIzYzJjMmMyJTIyJTdEJTJDJTdCJTIydmlzaWJpbGl0eSUyMiUzQSUyMm9uJTIyJTdEJTVEJTdEJTVE[\/cms_googlemap][\/vc_column][\/vc_row]<\/p>\n<\/section>","protected":false},"excerpt":{"rendered":"<p>[vc_row full_width=\u00bbstretch_row\u00bb][vc_column][vc_column_text] VEN A ENTRENARCON NOSOTROS [\/vc_column_text][vc_empty_space height=\u00bb60px\u00bb][vc_row_inner gap=\u00bb35&#8243;][vc_column_inner width=\u00bb1\/2&#8243;][vc_column_text] CrossFit Marbella ser\u00e1 tu hogar lejos de casa mientras est\u00e9s en Marbella. A lo largo de los a\u00f1os hemos dado la bienvenida a entusiastas del fitness de todos los rincones del planeta y nos encanta que los visitantes vengan y compartan sus historias y experiencias [&hellip;]<\/p>\n","protected":false},"author":1,"featured_media":0,"parent":0,"menu_order":0,"comment_status":"closed","ping_status":"closed","template":"","meta":{"_monsterinsights_skip_tracking":false,"_monsterinsights_sitenote_active":false,"_monsterinsights_sitenote_note":"","_monsterinsights_sitenote_category":0,"footnotes":""},"class_list":["post-2033","page","type-page","status-publish","hentry"],"yoast_head":"<!-- This site is optimized with the Yoast SEO plugin v26.1 - https:\/\/yoast.com\/wordpress\/plugins\/seo\/ -->\n<title>New to CrossFit? | Classes at CrossFit Marbella | CrossFit gym | Spain<\/title>\n<meta name=\"description\" content=\"New to CrossFit? Visit CrossFit Marbella, a CrossFit gym in San Pedro Alcantara. Focusing on health, fitness and nutrition from experienced CrossFit coaches\" \/>\n<meta name=\"robots\" content=\"index, follow, max-snippet:-1, max-image-preview:large, max-video-preview:-1\" \/>\n<link rel=\"canonical\" href=\"https:\/\/crossfitmarbella.com\/es\/estas-de-vacaciones\/\" \/>\n<meta property=\"og:locale\" content=\"es_ES\" \/>\n<meta property=\"og:type\" content=\"article\" \/>\n<meta property=\"og:title\" content=\"New to CrossFit? | Classes at CrossFit Marbella | CrossFit gym | Spain\" \/>\n<meta property=\"og:description\" content=\"New to CrossFit? Visit CrossFit Marbella, a CrossFit gym in San Pedro Alcantara. Focusing on health, fitness and nutrition from experienced CrossFit coaches\" \/>\n<meta property=\"og:url\" content=\"https:\/\/crossfitmarbella.com\/es\/estas-de-vacaciones\/\" \/>\n<meta property=\"og:site_name\" content=\"Crossfit Marbella\" \/>\n<meta property=\"article:modified_time\" content=\"2023-01-11T12:32:34+00:00\" \/>\n<meta name=\"twitter:card\" content=\"summary_large_image\" \/>\n<meta name=\"twitter:label1\" content=\"Tiempo de lectura\" \/>\n\t<meta name=\"twitter:data1\" content=\"2 minutos\" \/>\n<script type=\"application\/ld+json\" class=\"yoast-schema-graph\">{\"@context\":\"https:\/\/schema.org\",\"@graph\":[{\"@type\":\"WebPage\",\"@id\":\"https:\/\/crossfitmarbella.com\/es\/estas-de-vacaciones\/\",\"url\":\"https:\/\/crossfitmarbella.com\/es\/estas-de-vacaciones\/\",\"name\":\"New to CrossFit? | Classes at CrossFit Marbella | CrossFit gym | Spain\",\"isPartOf\":{\"@id\":\"https:\/\/crossfitmarbella.com\/es\/#website\"},\"datePublished\":\"2020-04-21T07:21:29+00:00\",\"dateModified\":\"2023-01-11T12:32:34+00:00\",\"description\":\"New to CrossFit? Visit CrossFit Marbella, a CrossFit gym in San Pedro Alcantara. Focusing on health, fitness and nutrition from experienced CrossFit coaches\",\"breadcrumb\":{\"@id\":\"https:\/\/crossfitmarbella.com\/es\/estas-de-vacaciones\/#breadcrumb\"},\"inLanguage\":\"es\",\"potentialAction\":[{\"@type\":\"ReadAction\",\"target\":[\"https:\/\/crossfitmarbella.com\/es\/estas-de-vacaciones\/\"]}]},{\"@type\":\"BreadcrumbList\",\"@id\":\"https:\/\/crossfitmarbella.com\/es\/estas-de-vacaciones\/#breadcrumb\",\"itemListElement\":[{\"@type\":\"ListItem\",\"position\":1,\"name\":\"Home\",\"item\":\"https:\/\/crossfitmarbella.com\/es\/\"},{\"@type\":\"ListItem\",\"position\":2,\"name\":\"\u00bfEst\u00e1s de Vacaciones?\"}]},{\"@type\":\"WebSite\",\"@id\":\"https:\/\/crossfitmarbella.com\/es\/#website\",\"url\":\"https:\/\/crossfitmarbella.com\/es\/\",\"name\":\"Crossfit Marbella\",\"description\":\"Crossfit Marbella\",\"potentialAction\":[{\"@type\":\"SearchAction\",\"target\":{\"@type\":\"EntryPoint\",\"urlTemplate\":\"https:\/\/crossfitmarbella.com\/es\/?s={search_term_string}\"},\"query-input\":{\"@type\":\"PropertyValueSpecification\",\"valueRequired\":true,\"valueName\":\"search_term_string\"}}],\"inLanguage\":\"es\"}]}<\/script>\n<!-- \/ Yoast SEO plugin. -->","yoast_head_json":{"title":"New to CrossFit? | Classes at CrossFit Marbella | CrossFit gym | Spain","description":"New to CrossFit? Visit CrossFit Marbella, a CrossFit gym in San Pedro Alcantara. Focusing on health, fitness and nutrition from experienced CrossFit coaches","robots":{"index":"index","follow":"follow","max-snippet":"max-snippet:-1","max-image-preview":"max-image-preview:large","max-video-preview":"max-video-preview:-1"},"canonical":"https:\/\/crossfitmarbella.com\/es\/estas-de-vacaciones\/","og_locale":"es_ES","og_type":"article","og_title":"New to CrossFit? | Classes at CrossFit Marbella | CrossFit gym | Spain","og_description":"New to CrossFit? Visit CrossFit Marbella, a CrossFit gym in San Pedro Alcantara. Focusing on health, fitness and nutrition from experienced CrossFit coaches","og_url":"https:\/\/crossfitmarbella.com\/es\/estas-de-vacaciones\/","og_site_name":"Crossfit Marbella","article_modified_time":"2023-01-11T12:32:34+00:00","twitter_card":"summary_large_image","twitter_misc":{"Tiempo de lectura":"2 minutos"},"schema":{"@context":"https:\/\/schema.org","@graph":[{"@type":"WebPage","@id":"https:\/\/crossfitmarbella.com\/es\/estas-de-vacaciones\/","url":"https:\/\/crossfitmarbella.com\/es\/estas-de-vacaciones\/","name":"New to CrossFit? | Classes at CrossFit Marbella | CrossFit gym | Spain","isPartOf":{"@id":"https:\/\/crossfitmarbella.com\/es\/#website"},"datePublished":"2020-04-21T07:21:29+00:00","dateModified":"2023-01-11T12:32:34+00:00","description":"New to CrossFit? Visit CrossFit Marbella, a CrossFit gym in San Pedro Alcantara. Focusing on health, fitness and nutrition from experienced CrossFit coaches","breadcrumb":{"@id":"https:\/\/crossfitmarbella.com\/es\/estas-de-vacaciones\/#breadcrumb"},"inLanguage":"es","potentialAction":[{"@type":"ReadAction","target":["https:\/\/crossfitmarbella.com\/es\/estas-de-vacaciones\/"]}]},{"@type":"BreadcrumbList","@id":"https:\/\/crossfitmarbella.com\/es\/estas-de-vacaciones\/#breadcrumb","itemListElement":[{"@type":"ListItem","position":1,"name":"Home","item":"https:\/\/crossfitmarbella.com\/es\/"},{"@type":"ListItem","position":2,"name":"\u00bfEst\u00e1s de Vacaciones?"}]},{"@type":"WebSite","@id":"https:\/\/crossfitmarbella.com\/es\/#website","url":"https:\/\/crossfitmarbella.com\/es\/","name":"Crossfit Marbella","description":"Crossfit Marbella","potentialAction":[{"@type":"SearchAction","target":{"@type":"EntryPoint","urlTemplate":"https:\/\/crossfitmarbella.com\/es\/?s={search_term_string}"},"query-input":{"@type":"PropertyValueSpecification","valueRequired":true,"valueName":"search_term_string"}}],"inLanguage":"es"}]}},"_links":{"self":[{"href":"https:\/\/crossfitmarbella.com\/es\/wp-json\/wp\/v2\/pages\/2033","targetHints":{"allow":["GET"]}}],"collection":[{"href":"https:\/\/crossfitmarbella.com\/es\/wp-json\/wp\/v2\/pages"}],"about":[{"href":"https:\/\/crossfitmarbella.com\/es\/wp-json\/wp\/v2\/types\/page"}],"author":[{"embeddable":true,"href":"https:\/\/crossfitmarbella.com\/es\/wp-json\/wp\/v2\/users\/1"}],"replies":[{"embeddable":true,"href":"https:\/\/crossfitmarbella.com\/es\/wp-json\/wp\/v2\/comments?post=2033"}],"version-history":[{"count":5,"href":"https:\/\/crossfitmarbella.com\/es\/wp-json\/wp\/v2\/pages\/2033\/revisions"}],"predecessor-version":[{"id":2934,"href":"https:\/\/crossfitmarbella.com\/es\/wp-json\/wp\/v2\/pages\/2033\/revisions\/2934"}],"wp:attachment":[{"href":"https:\/\/crossfitmarbella.com\/es\/wp-json\/wp\/v2\/media?parent=2033"}],"curies":[{"name":"wp","href":"https:\/\/api.w.org\/{rel}","templated":true}]}}