{"id":1586,"date":"2019-02-02T17:02:39","date_gmt":"2019-02-02T16:02:39","guid":{"rendered":"https:\/\/crossfitmarbella.com\/clases\/kids\/"},"modified":"2019-10-11T11:09:52","modified_gmt":"2019-10-11T09:09:52","slug":"ninos-y-preadolescentes","status":"publish","type":"page","link":"https:\/\/crossfitmarbella.com\/es\/clases\/ninos-y-preadolescentes\/","title":{"rendered":"CrossFit Kids"},"content":{"rendered":"<section class=\"wpb-content-wrapper\"><p>[vc_row full_width=\u00bbstretch_row\u00bb css=\u00bb.vc_custom_1538384099709{padding-top: 10px !important;}\u00bb][vc_column width=\u00bb1\/2&#8243;][vc_column_text]<\/p>\n<h2>SOBRE LA CLASE<\/h2>\n<p>[\/vc_column_text][vc_column_text]<\/p>\n<p><span style=\"font-size: 18pt; line-height: 32pt;\">Entrenamos a ni\u00f1os y ni\u00f1as de 6 a 10 a\u00f1os y pre\u2013adolescentes de 11 a 15 a\u00f1os, con el prop\u00f3sito de que est\u00e9n en buena forma, sean m\u00e1s fuertes, felices y mejoren su autoestima, consiguiendo as\u00ed \u00a1una generaci\u00f3n m\u00e1s fuerte!. Estas clases son aptas para todos los niveles de fitness.<\/span><\/p>\n<p>[\/vc_column_text][vc_empty_space height=\u00bb50px\u00bb][\/vc_column][vc_column width=\u00bb1\/2&#8243;][vc_column_text]<\/p>\n<h3>HORARIO:<\/h3>\n<p>[\/vc_column_text][vc_column_text]<\/p>\n<h2 style=\"color: #2e313a!important;\">\u00a1Empezamos el lunes 16 de septiembre de 2019!<\/h2>\n<table style=\"width: 100%; height: 288px;\" cellspacing=\"0\" cellpadding=\"0\">\n<tbody>\n<tr style=\"height: 24px;\">\n<td style=\"height: 24px; width: 100%;\"><span style=\"color: #171717; font-size: 14pt;\"><strong>Lunes:<\/strong><\/span> <span style=\"color: #DB812E;\"><strong>PM<\/strong><\/span>\u00a04:30<\/td>\n<\/tr>\n<tr style=\"height: 24px;\">\n<td style=\"height: 24px; width: 100%;\"><span style=\"color: #171717; font-size: 14pt;\"><strong>Mi\u00e9rcoles:<\/strong><\/span> <span style=\"color: #DB812E;\"><strong>PM<\/strong><\/span>\u00a04:30<\/td>\n<\/tr>\n<\/tbody>\n<\/table>\n<p>[\/vc_column_text][\/vc_column][\/vc_row][vc_row][vc_column][vc_column_text] [\/vc_column_text][\/vc_column][\/vc_row][vc_row][vc_column][vc_column_text] [\/vc_column_text][\/vc_column][\/vc_row]<\/p>\n<p>[vc_row][vc_column][vc_empty_space height=\u00bb80px\u00bb][\/vc_column][\/vc_row]<\/p>\n<\/section>","protected":false},"excerpt":{"rendered":"<p>[vc_row full_width=\u00bbstretch_row\u00bb css=\u00bb.vc_custom_1538384099709{padding-top: 10px !important;}\u00bb][vc_column width=\u00bb1\/2&#8243;][vc_column_text] SOBRE LA CLASE [\/vc_column_text][vc_column_text] Entrenamos a ni\u00f1os y ni\u00f1as de 6 a 10 a\u00f1os y pre\u2013adolescentes de 11 a 15 a\u00f1os, con el prop\u00f3sito de que est\u00e9n en buena forma, sean m\u00e1s fuertes, felices y mejoren su autoestima, consiguiendo as\u00ed \u00a1una generaci\u00f3n m\u00e1s fuerte!. Estas clases son aptas para [&hellip;]<\/p>\n","protected":false},"author":1,"featured_media":0,"parent":1550,"menu_order":0,"comment_status":"closed","ping_status":"closed","template":"","meta":{"_monsterinsights_skip_tracking":false,"_monsterinsights_sitenote_active":false,"_monsterinsights_sitenote_note":"","_monsterinsights_sitenote_category":0,"footnotes":""},"class_list":["post-1586","page","type-page","status-publish","hentry"],"yoast_head":"<!-- This site is optimized with the Yoast SEO plugin v26.1 - https:\/\/yoast.com\/wordpress\/plugins\/seo\/ -->\n<title>Kids \/ Children\u2019s Classes at CrossFit Marbella | CrossFit gym | Estepona<\/title>\n<meta name=\"description\" content=\"Kids\/Children\u2019s Classes at CrossFit Marbella, a CrossFit gym in San Pedro. Focusing on health, fitness and nutrition from experienced CrossFit coaches\" \/>\n<meta name=\"robots\" content=\"index, follow, max-snippet:-1, max-image-preview:large, max-video-preview:-1\" \/>\n<link rel=\"canonical\" href=\"https:\/\/crossfitmarbella.com\/es\/clases\/ninos-y-preadolescentes\/\" \/>\n<meta property=\"og:locale\" content=\"es_ES\" \/>\n<meta property=\"og:type\" content=\"article\" \/>\n<meta property=\"og:title\" content=\"Kids \/ Children\u2019s Classes at CrossFit Marbella | CrossFit gym | Estepona\" \/>\n<meta property=\"og:description\" content=\"Kids\/Children\u2019s Classes at CrossFit Marbella, a CrossFit gym in San Pedro. Focusing on health, fitness and nutrition from experienced CrossFit coaches\" \/>\n<meta property=\"og:url\" content=\"https:\/\/crossfitmarbella.com\/es\/clases\/ninos-y-preadolescentes\/\" \/>\n<meta property=\"og:site_name\" content=\"Crossfit Marbella\" \/>\n<meta property=\"article:modified_time\" content=\"2019-10-11T09:09:52+00:00\" \/>\n<meta name=\"twitter:card\" content=\"summary_large_image\" \/>\n<meta name=\"twitter:label1\" content=\"Tiempo de lectura\" \/>\n\t<meta name=\"twitter:data1\" content=\"1 minuto\" \/>\n<script type=\"application\/ld+json\" class=\"yoast-schema-graph\">{\"@context\":\"https:\/\/schema.org\",\"@graph\":[{\"@type\":\"WebPage\",\"@id\":\"https:\/\/crossfitmarbella.com\/es\/clases\/ninos-y-preadolescentes\/\",\"url\":\"https:\/\/crossfitmarbella.com\/es\/clases\/ninos-y-preadolescentes\/\",\"name\":\"Kids \/ Children\u2019s Classes at CrossFit Marbella | CrossFit gym | Estepona\",\"isPartOf\":{\"@id\":\"https:\/\/crossfitmarbella.com\/es\/#website\"},\"datePublished\":\"2019-02-02T16:02:39+00:00\",\"dateModified\":\"2019-10-11T09:09:52+00:00\",\"description\":\"Kids\/Children\u2019s Classes at CrossFit Marbella, a CrossFit gym in San Pedro. Focusing on health, fitness and nutrition from experienced CrossFit coaches\",\"breadcrumb\":{\"@id\":\"https:\/\/crossfitmarbella.com\/es\/clases\/ninos-y-preadolescentes\/#breadcrumb\"},\"inLanguage\":\"es\",\"potentialAction\":[{\"@type\":\"ReadAction\",\"target\":[\"https:\/\/crossfitmarbella.com\/es\/clases\/ninos-y-preadolescentes\/\"]}]},{\"@type\":\"BreadcrumbList\",\"@id\":\"https:\/\/crossfitmarbella.com\/es\/clases\/ninos-y-preadolescentes\/#breadcrumb\",\"itemListElement\":[{\"@type\":\"ListItem\",\"position\":1,\"name\":\"Home\",\"item\":\"https:\/\/crossfitmarbella.com\/es\/\"},{\"@type\":\"ListItem\",\"position\":2,\"name\":\"CrossFit Kids\"}]},{\"@type\":\"WebSite\",\"@id\":\"https:\/\/crossfitmarbella.com\/es\/#website\",\"url\":\"https:\/\/crossfitmarbella.com\/es\/\",\"name\":\"Crossfit Marbella\",\"description\":\"Crossfit Marbella\",\"potentialAction\":[{\"@type\":\"SearchAction\",\"target\":{\"@type\":\"EntryPoint\",\"urlTemplate\":\"https:\/\/crossfitmarbella.com\/es\/?s={search_term_string}\"},\"query-input\":{\"@type\":\"PropertyValueSpecification\",\"valueRequired\":true,\"valueName\":\"search_term_string\"}}],\"inLanguage\":\"es\"}]}<\/script>\n<!-- \/ Yoast SEO plugin. -->","yoast_head_json":{"title":"Kids \/ Children\u2019s Classes at CrossFit Marbella | CrossFit gym | Estepona","description":"Kids\/Children\u2019s Classes at CrossFit Marbella, a CrossFit gym in San Pedro. Focusing on health, fitness and nutrition from experienced CrossFit coaches","robots":{"index":"index","follow":"follow","max-snippet":"max-snippet:-1","max-image-preview":"max-image-preview:large","max-video-preview":"max-video-preview:-1"},"canonical":"https:\/\/crossfitmarbella.com\/es\/clases\/ninos-y-preadolescentes\/","og_locale":"es_ES","og_type":"article","og_title":"Kids \/ Children\u2019s Classes at CrossFit Marbella | CrossFit gym | Estepona","og_description":"Kids\/Children\u2019s Classes at CrossFit Marbella, a CrossFit gym in San Pedro. Focusing on health, fitness and nutrition from experienced CrossFit coaches","og_url":"https:\/\/crossfitmarbella.com\/es\/clases\/ninos-y-preadolescentes\/","og_site_name":"Crossfit Marbella","article_modified_time":"2019-10-11T09:09:52+00:00","twitter_card":"summary_large_image","twitter_misc":{"Tiempo de lectura":"1 minuto"},"schema":{"@context":"https:\/\/schema.org","@graph":[{"@type":"WebPage","@id":"https:\/\/crossfitmarbella.com\/es\/clases\/ninos-y-preadolescentes\/","url":"https:\/\/crossfitmarbella.com\/es\/clases\/ninos-y-preadolescentes\/","name":"Kids \/ Children\u2019s Classes at CrossFit Marbella | CrossFit gym | Estepona","isPartOf":{"@id":"https:\/\/crossfitmarbella.com\/es\/#website"},"datePublished":"2019-02-02T16:02:39+00:00","dateModified":"2019-10-11T09:09:52+00:00","description":"Kids\/Children\u2019s Classes at CrossFit Marbella, a CrossFit gym in San Pedro. Focusing on health, fitness and nutrition from experienced CrossFit coaches","breadcrumb":{"@id":"https:\/\/crossfitmarbella.com\/es\/clases\/ninos-y-preadolescentes\/#breadcrumb"},"inLanguage":"es","potentialAction":[{"@type":"ReadAction","target":["https:\/\/crossfitmarbella.com\/es\/clases\/ninos-y-preadolescentes\/"]}]},{"@type":"BreadcrumbList","@id":"https:\/\/crossfitmarbella.com\/es\/clases\/ninos-y-preadolescentes\/#breadcrumb","itemListElement":[{"@type":"ListItem","position":1,"name":"Home","item":"https:\/\/crossfitmarbella.com\/es\/"},{"@type":"ListItem","position":2,"name":"CrossFit Kids"}]},{"@type":"WebSite","@id":"https:\/\/crossfitmarbella.com\/es\/#website","url":"https:\/\/crossfitmarbella.com\/es\/","name":"Crossfit Marbella","description":"Crossfit Marbella","potentialAction":[{"@type":"SearchAction","target":{"@type":"EntryPoint","urlTemplate":"https:\/\/crossfitmarbella.com\/es\/?s={search_term_string}"},"query-input":{"@type":"PropertyValueSpecification","valueRequired":true,"valueName":"search_term_string"}}],"inLanguage":"es"}]}},"_links":{"self":[{"href":"https:\/\/crossfitmarbella.com\/es\/wp-json\/wp\/v2\/pages\/1586","targetHints":{"allow":["GET"]}}],"collection":[{"href":"https:\/\/crossfitmarbella.com\/es\/wp-json\/wp\/v2\/pages"}],"about":[{"href":"https:\/\/crossfitmarbella.com\/es\/wp-json\/wp\/v2\/types\/page"}],"author":[{"embeddable":true,"href":"https:\/\/crossfitmarbella.com\/es\/wp-json\/wp\/v2\/users\/1"}],"replies":[{"embeddable":true,"href":"https:\/\/crossfitmarbella.com\/es\/wp-json\/wp\/v2\/comments?post=1586"}],"version-history":[{"count":5,"href":"https:\/\/crossfitmarbella.com\/es\/wp-json\/wp\/v2\/pages\/1586\/revisions"}],"predecessor-version":[{"id":1710,"href":"https:\/\/crossfitmarbella.com\/es\/wp-json\/wp\/v2\/pages\/1586\/revisions\/1710"}],"up":[{"embeddable":true,"href":"https:\/\/crossfitmarbella.com\/es\/wp-json\/wp\/v2\/pages\/1550"}],"wp:attachment":[{"href":"https:\/\/crossfitmarbella.com\/es\/wp-json\/wp\/v2\/media?parent=1586"}],"curies":[{"name":"wp","href":"https:\/\/api.w.org\/{rel}","templated":true}]}}