{"id":1530,"date":"2016-08-22T09:29:17","date_gmt":"2016-08-22T09:29:17","guid":{"rendered":"https:\/\/crossfitmarbella.com\/home-2\/"},"modified":"2024-03-27T08:49:53","modified_gmt":"2024-03-27T07:49:53","slug":"home-2","status":"publish","type":"page","link":"https:\/\/crossfitmarbella.com\/es\/","title":{"rendered":"Inicio"},"content":{"rendered":"<section class=\"wpb-content-wrapper\"><p>[vc_row css=\u00bb.vc_custom_1708955430995{margin-bottom: 0px !important;padding-bottom: 0px !important;}\u00bb][vc_column][rev_slider_vc alias=\u00bbmain-slider\u00bb][\/vc_column][\/vc_row][vc_row full_width=\u00bbstretch_row_content\u00bb equal_height=\u00bbyes\u00bb content_placement=\u00bbmiddle\u00bb css=\u00bb.vc_custom_1624002619146{margin-top: 0px !important;background-position: center !important;background-repeat: no-repeat !important;background-size: cover !important;}\u00bb el_id=\u00bbpromo-column1&#8243;][vc_column width=\u00bb1\/4&#8243; offset=\u00bbvc_col-lg-3 vc_col-md-6 vc_col-xs-12&#8243; css=\u00bb.vc_custom_1624020130801{padding-top: 48px !important;padding-right: 30px !important;padding-bottom: 48px !important;padding-left: 30px !important;background-color: #DB812E !important;}\u00bb el_class=\u00bbpromo1&#8243;][vc_column_text]<\/p>\n<section style=\"text-align: center;\">\n<h3 style=\"margin-bottom: 0;\">\u00bfEres nuevo en <strong>CrossFit Marbella?<\/strong><\/h3>\n<p style=\"margin: .5rem 0 1.5rem;\">\u00a1Reserva tu sesi\u00f3n de introducci\u00f3n ya! 20 minutos, &#8216;sin sudor&#8217;, \u00a1planeamos tu pr\u00f3ximo paso!<\/p>\n<p><a class=\"btn btn-default-alt\" href=\"http:\/\/crossfitmarbella.com\/es\/empieza-ya\/\">\u00a1Empieza YA!<\/a><\/p>\n<\/section>\n<p>[\/vc_column_text][\/vc_column][vc_column width=\u00bb1\/4&#8243; offset=\u00bbvc_col-lg-3 vc_col-md-6 vc_col-xs-12&#8243; css=\u00bb.vc_custom_1624020139877{padding-top: 48px !important;padding-right: 30px !important;padding-bottom: 48px !important;padding-left: 30px !important;background-color: #5c5c5c !important;}\u00bb el_class=\u00bbpromo2&#8243;][vc_column_text]<\/p>\n<section style=\"text-align: center;\">\n<h3 style=\"margin-bottom: 0;\">Clases Grupales<\/h3>\n<p style=\"margin: .5rem 0 1.5rem;\">Clases de Fuerza, Cardio, para ni\u00f1os, adolescentes y mayores de 45 a\u00f1os.<\/p>\n<p><a class=\"btn btn-default-alt\" href=\"\/es\/clases\">M\u00e1s informaci\u00f3n<\/a><\/p>\n<\/section>\n<p>[\/vc_column_text][\/vc_column][vc_column width=\u00bb1\/4&#8243; offset=\u00bbvc_col-lg-3 vc_col-md-6 vc_col-xs-12&#8243; css=\u00bb.vc_custom_1624020147241{padding-top: 48px !important;padding-bottom: 48px !important;background-color: #2e2e2e !important;}\u00bb el_class=\u00bbpromo3&#8243;][vc_column_text]<\/p>\n<section style=\"text-align: center;\">\n<h3 style=\"margin-bottom: 0;\">Entrenamiento Personal<\/h3>\n<p style=\"margin: .5rem 0 1.5rem;\">Para principiantes y todo tipo de atletas.<\/p>\n<p><a class=\"btn btn-default-alt\" href=\"\/es\/entrenamiento-personal\/\">M\u00e1s Informaci\u00f3n<\/a><\/p>\n<\/section>\n<p>[\/vc_column_text][\/vc_column][vc_column width=\u00bb1\/4&#8243; css=\u00bb.vc_custom_1552902484789{background-color: #171717 !important;}\u00bb offset=\u00bbvc_col-lg-3 vc_col-md-6 vc_col-xs-12&#8243; el_class=\u00bbpromo4&#8243;][vc_column_text]<\/p>\n<section style=\"text-align: center;\">\n<h3 style=\"margin-bottom: 0;\">\u00bfEst\u00e1s de vacaciones?<\/h3>\n<p style=\"margin: .5rem 0 1.5rem;\">Si vienes a Marbella de vacaciones y quieres entrenar, no lo dudes, \u00a1ven y entrena con nosotros!<\/p>\n<p><a class=\"btn btn-default-alt\" href=\"\/es\/abonos\/\">M\u00e1s informaci\u00f3n<\/a><\/p>\n<\/section>\n<p>[\/vc_column_text][\/vc_column][\/vc_row][vc_row css=\u00bb.vc_custom_1472031085817{margin-top: 74px !important;}\u00bb][vc_column offset=\u00bbvc_col-lg-12 vc_col-md-12&#8243;][vc_column_text el_class=\u00bbintro-text\u00bb]<\/p>\n<h1 style=\"text-align: center;\">BIENVENIDOS A <strong>Crossfit Marbella<\/strong><\/h1>\n<p style=\"text-align: center;\">\u00a1CrossFit Marbella es el coraz\u00f3n del fitness! Tenemos los mejores programas de fitness y los mejores entrenadores del mundo, estamos esperando que vengas y te unas a nosotros. Durante 11 a\u00f1os hemos estado cambiando y mejorando la vida de las personas. Nuestros miembros est\u00e1n m\u00e1s sanos, m\u00e1s fuertes y m\u00e1s en forma que nunca. Contamos con una comunidad acogedora y amistosa que te animar\u00e1 y motivar\u00e1 tanto en tus d\u00edas buenos como en tus d\u00edas malos.<\/p>\n<p style=\"text-align: center;\">Todas las edades y niveles de forma f\u00edsica son bienvenidos. \u00bfA qu\u00e9 est\u00e1s esperando?<\/p>\n<p>[\/vc_column_text][vc_empty_space height=\u00bb25px\u00bb][cms_button button_text=\u00bbAveriguar M\u00e1s\u00bb link_button=\u00bburl:https%3A%2F%2Fcrossfitmarbella.com%2Fes%2Fquienes-somos%2F|||\u00bb el_class=\u00bbbutton-center\u00bb][\/vc_column][\/vc_row][vc_row full_width=\u00bbstretch_row\u00bb content_placement=\u00bbmiddle\u00bb parallax=\u00bbcontent-moving\u00bb parallax_speed_bg=\u00bb\u00bb css=\u00bb.vc_custom_1549114023017{margin-top: 74px !important;padding-top: 80px !important;padding-bottom: 120px !important;background: #f3f3f3 url(https:\/\/crossfitmarbella.com\/wp-content\/uploads\/grey-image-crossfit-marbella2.jpg?id=935);background-position:center;background-repeat: no-repeat !important;background-size: cover !important;}\u00bb][vc_column offset=\u00bbvc_col-lg-12 vc_col-md-12&#8243;]<div class=\"lvca-testimonials-slider lvca-flexslider lvca-container\" data-settings='{&quot;slideshow_speed&quot;:&quot;12000&quot;,&quot;animation_speed&quot;:&quot;600&quot;,&quot;animation&quot;:&quot;slide&quot;,&quot;pause_on_action&quot;:&quot;&quot;,&quot;pause_on_hover&quot;:&quot;true&quot;,&quot;direction_nav&quot;:&quot;&quot;,&quot;control_nav&quot;:&quot;true&quot;}'><div class=\"lvca-slides\"><div class=\"lvca-slide lvca-testimonial-wrapper\"><div class=\"lvca-testimonial\"><div class=\"lvca-testimonial-text\"><i class=\"lvca-icon-quote\"><\/i><\/p>\n<p>Fui a Crossfit Marbella por primera vez para hacer un reto de 6 semanas e intentar comprender porque mi pareja pagaba por dar vueltas a una rueda!!! Casi un a\u00f1o y medio despu\u00e9s&#8230;sigo aqu\u00ed, en el primer lugar que ha conseguido que incorpore el deporte a mi rutina diaria. No solo he visto como mi cuerpo cambiaba poco a poco, sino que adem\u00e1s ya no necesito recurrir a la medicina por las frecuentes <span style=\"color: #808080\"><a style=\"color: #808080\" href=\"https:\/\/inonefisioterapia.com\/descubre-como-la-fisioterapia-puede-optimizar-tu-recuperacion-muscular\/\">lesiones deportivas<\/a><\/span> y dolores de espalda derivados de mi trabajo en la oficina. Me siento m\u00e1s fuerte y capaz de conseguir cada objetivo que me proponga. Y se que puedo porque, aunque te fallen las fuerzas, lo mejor que me ha dado Crossfit es la comunidad de amigos que est\u00e1n siempre a tu alrededor para animarte a ser la mejor versi\u00f3n de ti. Gracias por tanto<\/p>\n<p><\/div><div class=\"lvca-testimonial-user\"><div class=\"lvca-image-wrapper\"><img loading=\"lazy\" decoding=\"async\" width=\"150\" height=\"150\" src=\"https:\/\/crossfitmarbella.com\/wp-content\/uploads\/estefi-lopez-tornay-150x150.jpg\" class=\"lvca-image full\" alt=\"Estefi Lopez Tornay\" srcset=\"https:\/\/crossfitmarbella.com\/wp-content\/uploads\/estefi-lopez-tornay-150x150.jpg 150w, https:\/\/crossfitmarbella.com\/wp-content\/uploads\/estefi-lopez-tornay.jpg 240w\" sizes=\"auto, (max-width: 150px) 100vw, 150px\" \/><\/div><div class=\"lvca-text\"><h4 class=\"lvca-author-name\">Estefi Lopez Tornay<\/h4><div class=\"lvca-author-credentials\"><\/div><\/div><\/div><\/div><\/div><div class=\"lvca-slide lvca-testimonial-wrapper\"><div class=\"lvca-testimonial\"><div class=\"lvca-testimonial-text\"><i class=\"lvca-icon-quote\"><\/i>Hace poco empec\u00e9 a practicar yoga tras una lesi\u00f3n. Ahora he ganado flexibilidad y equilibrio, adem\u00e1s estoy controlando mi respiraci\u00f3n. Se ha convertido en un complemento perfecto para el crossfit.<\/div><div class=\"lvca-testimonial-user\"><div class=\"lvca-image-wrapper\"><img loading=\"lazy\" decoding=\"async\" width=\"150\" height=\"150\" src=\"https:\/\/crossfitmarbella.com\/wp-content\/uploads\/jonathan-perez-150x150.jpeg\" class=\"lvca-image full\" alt=\"Jonathan Perez\" srcset=\"https:\/\/crossfitmarbella.com\/wp-content\/uploads\/jonathan-perez-150x150.jpeg 150w, https:\/\/crossfitmarbella.com\/wp-content\/uploads\/jonathan-perez-320x320.jpeg 320w\" sizes=\"auto, (max-width: 150px) 100vw, 150px\" \/><\/div><div class=\"lvca-text\"><h4 class=\"lvca-author-name\">Jonathan P\u00e9rez<\/h4><div class=\"lvca-author-credentials\"><\/div><\/div><\/div><\/div><\/div><div class=\"lvca-slide lvca-testimonial-wrapper\"><div class=\"lvca-testimonial\"><div class=\"lvca-testimonial-text\"><i class=\"lvca-icon-quote\"><\/i><\/p>\n<p>Hace ya tres a\u00f1os que comenc\u00e9 en Crossfit Marbella y soy incapaz de abandonar. Cuando conoc\u00ed este deporte, pens\u00e9 que era un imposible para mi, pero mis entrenadores me animaron desde el minuto uno convirti\u00e9ndome en una adicta a este deporte. Te planteas la vida desde otra perspectiva. Es como si al lograr entrar en este mundo, ya no hay nada imposible. Te sientes capaz de practicar cualquier deporte, sin tener que estar visitando a un <span style=\"color: #808080\"><a style=\"color: #808080\" href=\"https:\/\/inonefisioterapia.com\/\">fisioterapeuta<\/a><\/span>. Que hay que correr 800 metros m\u00e1s, sin problema, ah\u00ed est\u00e1n nuestros entrenadores anim\u00e1ndonos a conseguir otro imposible. Yo personalmente tengo mucho que agradecer a Crossfit Marbella, ah\u00ed conoc\u00ed a mi mejor amiga, mi partner de mi alma !!! Es mi familia. Aunque faltemos, ya sea el tiempo o el motivo que sea, ellos siempre nos reciben con una sonrisa, un abrazo y con mucho cari\u00f1o, volviendo a acogernos como el primer d\u00eda. \u00bfQu\u00e9 es Crossfit Marbella para m\u00ed?: mi motivaci\u00f3n, mi superaci\u00f3n, donde me evado del mundo, donde tengo mis amigos, mi hogar !!!!<\/p>\n<p><\/div><div class=\"lvca-testimonial-user\"><div class=\"lvca-image-wrapper\"><img loading=\"lazy\" decoding=\"async\" width=\"148\" height=\"148\" src=\"https:\/\/crossfitmarbella.com\/wp-content\/uploads\/carmen-dominguez.jpg\" class=\"lvca-image full\" alt=\"Carmen Dominguez\" \/><\/div><div class=\"lvca-text\"><h4 class=\"lvca-author-name\">Carmen Dominguez<\/h4><div class=\"lvca-author-credentials\"><\/div><\/div><\/div><\/div><\/div><\/div><\/div>[\/vc_column][\/vc_row]<\/p>\n<\/section>","protected":false},"excerpt":{"rendered":"<p>[vc_row css=\u00bb.vc_custom_1708955430995{margin-bottom: 0px !important;padding-bottom: 0px !important;}\u00bb][vc_column][rev_slider_vc alias=\u00bbmain-slider\u00bb][\/vc_column][\/vc_row][vc_row full_width=\u00bbstretch_row_content\u00bb equal_height=\u00bbyes\u00bb content_placement=\u00bbmiddle\u00bb css=\u00bb.vc_custom_1624002619146{margin-top: 0px !important;background-position: center !important;background-repeat: no-repeat !important;background-size: cover !important;}\u00bb el_id=\u00bbpromo-column1&#8243;][vc_column width=\u00bb1\/4&#8243; offset=\u00bbvc_col-lg-3 vc_col-md-6 vc_col-xs-12&#8243; css=\u00bb.vc_custom_1624020130801{padding-top: 48px !important;padding-right: 30px !important;padding-bottom: 48px !important;padding-left: 30px !important;background-color: #DB812E !important;}\u00bb el_class=\u00bbpromo1&#8243;][vc_column_text] \u00bfEres nuevo en CrossFit Marbella? \u00a1Reserva tu sesi\u00f3n de introducci\u00f3n ya! 20 minutos, &#8216;sin sudor&#8217;, \u00a1planeamos tu pr\u00f3ximo paso! [&hellip;]<\/p>\n","protected":false},"author":2,"featured_media":0,"parent":0,"menu_order":0,"comment_status":"closed","ping_status":"closed","template":"","meta":{"_monsterinsights_skip_tracking":false,"_monsterinsights_sitenote_active":false,"_monsterinsights_sitenote_note":"","_monsterinsights_sitenote_category":0,"footnotes":""},"class_list":["post-1530","page","type-page","status-publish","hentry"],"yoast_head":"<!-- This site is optimized with the Yoast SEO plugin v26.1 - https:\/\/yoast.com\/wordpress\/plugins\/seo\/ -->\n<title>CrossFit Marbella | CrossFit Gym | San Pedro Alcantara | Costa del Sol<\/title>\n<meta name=\"description\" content=\"We are CrossFit Marbella, a CrossFit gym in San Pedro on the Costa del Sol in Spain. We offer functional fitness, WOD\u2019s, personal training and more.\" \/>\n<meta name=\"robots\" content=\"index, follow, max-snippet:-1, max-image-preview:large, max-video-preview:-1\" \/>\n<link rel=\"canonical\" href=\"https:\/\/crossfitmarbella.com\/es\/\" \/>\n<meta property=\"og:locale\" content=\"es_ES\" \/>\n<meta property=\"og:type\" content=\"article\" \/>\n<meta property=\"og:title\" content=\"CrossFit Marbella | CrossFit Gym | San Pedro Alcantara | Costa del Sol\" \/>\n<meta property=\"og:description\" content=\"We are CrossFit Marbella, a CrossFit gym in San Pedro on the Costa del Sol in Spain. We offer functional fitness, WOD\u2019s, personal training and more.\" \/>\n<meta property=\"og:url\" content=\"https:\/\/crossfitmarbella.com\/es\/\" \/>\n<meta property=\"og:site_name\" content=\"Crossfit Marbella\" \/>\n<meta property=\"article:modified_time\" content=\"2024-03-27T07:49:53+00:00\" \/>\n<meta name=\"twitter:card\" content=\"summary_large_image\" \/>\n<meta name=\"twitter:label1\" content=\"Tiempo de lectura\" \/>\n\t<meta name=\"twitter:data1\" content=\"4 minutos\" \/>\n<script type=\"application\/ld+json\" class=\"yoast-schema-graph\">{\"@context\":\"https:\/\/schema.org\",\"@graph\":[{\"@type\":\"WebPage\",\"@id\":\"https:\/\/crossfitmarbella.com\/es\/\",\"url\":\"https:\/\/crossfitmarbella.com\/es\/\",\"name\":\"CrossFit Marbella | CrossFit Gym | San Pedro Alcantara | Costa del Sol\",\"isPartOf\":{\"@id\":\"https:\/\/crossfitmarbella.com\/es\/#website\"},\"datePublished\":\"2016-08-22T09:29:17+00:00\",\"dateModified\":\"2024-03-27T07:49:53+00:00\",\"description\":\"We are CrossFit Marbella, a CrossFit gym in San Pedro on the Costa del Sol in Spain. We offer functional fitness, WOD\u2019s, personal training and more.\",\"breadcrumb\":{\"@id\":\"https:\/\/crossfitmarbella.com\/es\/#breadcrumb\"},\"inLanguage\":\"es\",\"potentialAction\":[{\"@type\":\"ReadAction\",\"target\":[\"https:\/\/crossfitmarbella.com\/es\/\"]}]},{\"@type\":\"BreadcrumbList\",\"@id\":\"https:\/\/crossfitmarbella.com\/es\/#breadcrumb\",\"itemListElement\":[{\"@type\":\"ListItem\",\"position\":1,\"name\":\"Home\",\"item\":\"https:\/\/crossfitmarbella.com\/es\/\"},{\"@type\":\"ListItem\",\"position\":2,\"name\":\"Inicio\"}]},{\"@type\":\"WebSite\",\"@id\":\"https:\/\/crossfitmarbella.com\/es\/#website\",\"url\":\"https:\/\/crossfitmarbella.com\/es\/\",\"name\":\"Crossfit Marbella\",\"description\":\"Crossfit Marbella\",\"potentialAction\":[{\"@type\":\"SearchAction\",\"target\":{\"@type\":\"EntryPoint\",\"urlTemplate\":\"https:\/\/crossfitmarbella.com\/es\/?s={search_term_string}\"},\"query-input\":{\"@type\":\"PropertyValueSpecification\",\"valueRequired\":true,\"valueName\":\"search_term_string\"}}],\"inLanguage\":\"es\"}]}<\/script>\n<!-- \/ Yoast SEO plugin. -->","yoast_head_json":{"title":"CrossFit Marbella | CrossFit Gym | San Pedro Alcantara | Costa del Sol","description":"We are CrossFit Marbella, a CrossFit gym in San Pedro on the Costa del Sol in Spain. We offer functional fitness, WOD\u2019s, personal training and more.","robots":{"index":"index","follow":"follow","max-snippet":"max-snippet:-1","max-image-preview":"max-image-preview:large","max-video-preview":"max-video-preview:-1"},"canonical":"https:\/\/crossfitmarbella.com\/es\/","og_locale":"es_ES","og_type":"article","og_title":"CrossFit Marbella | CrossFit Gym | San Pedro Alcantara | Costa del Sol","og_description":"We are CrossFit Marbella, a CrossFit gym in San Pedro on the Costa del Sol in Spain. We offer functional fitness, WOD\u2019s, personal training and more.","og_url":"https:\/\/crossfitmarbella.com\/es\/","og_site_name":"Crossfit Marbella","article_modified_time":"2024-03-27T07:49:53+00:00","twitter_card":"summary_large_image","twitter_misc":{"Tiempo de lectura":"4 minutos"},"schema":{"@context":"https:\/\/schema.org","@graph":[{"@type":"WebPage","@id":"https:\/\/crossfitmarbella.com\/es\/","url":"https:\/\/crossfitmarbella.com\/es\/","name":"CrossFit Marbella | CrossFit Gym | San Pedro Alcantara | Costa del Sol","isPartOf":{"@id":"https:\/\/crossfitmarbella.com\/es\/#website"},"datePublished":"2016-08-22T09:29:17+00:00","dateModified":"2024-03-27T07:49:53+00:00","description":"We are CrossFit Marbella, a CrossFit gym in San Pedro on the Costa del Sol in Spain. We offer functional fitness, WOD\u2019s, personal training and more.","breadcrumb":{"@id":"https:\/\/crossfitmarbella.com\/es\/#breadcrumb"},"inLanguage":"es","potentialAction":[{"@type":"ReadAction","target":["https:\/\/crossfitmarbella.com\/es\/"]}]},{"@type":"BreadcrumbList","@id":"https:\/\/crossfitmarbella.com\/es\/#breadcrumb","itemListElement":[{"@type":"ListItem","position":1,"name":"Home","item":"https:\/\/crossfitmarbella.com\/es\/"},{"@type":"ListItem","position":2,"name":"Inicio"}]},{"@type":"WebSite","@id":"https:\/\/crossfitmarbella.com\/es\/#website","url":"https:\/\/crossfitmarbella.com\/es\/","name":"Crossfit Marbella","description":"Crossfit Marbella","potentialAction":[{"@type":"SearchAction","target":{"@type":"EntryPoint","urlTemplate":"https:\/\/crossfitmarbella.com\/es\/?s={search_term_string}"},"query-input":{"@type":"PropertyValueSpecification","valueRequired":true,"valueName":"search_term_string"}}],"inLanguage":"es"}]}},"_links":{"self":[{"href":"https:\/\/crossfitmarbella.com\/es\/wp-json\/wp\/v2\/pages\/1530","targetHints":{"allow":["GET"]}}],"collection":[{"href":"https:\/\/crossfitmarbella.com\/es\/wp-json\/wp\/v2\/pages"}],"about":[{"href":"https:\/\/crossfitmarbella.com\/es\/wp-json\/wp\/v2\/types\/page"}],"author":[{"embeddable":true,"href":"https:\/\/crossfitmarbella.com\/es\/wp-json\/wp\/v2\/users\/2"}],"replies":[{"embeddable":true,"href":"https:\/\/crossfitmarbella.com\/es\/wp-json\/wp\/v2\/comments?post=1530"}],"version-history":[{"count":5,"href":"https:\/\/crossfitmarbella.com\/es\/wp-json\/wp\/v2\/pages\/1530\/revisions"}],"predecessor-version":[{"id":3045,"href":"https:\/\/crossfitmarbella.com\/es\/wp-json\/wp\/v2\/pages\/1530\/revisions\/3045"}],"wp:attachment":[{"href":"https:\/\/crossfitmarbella.com\/es\/wp-json\/wp\/v2\/media?parent=1530"}],"curies":[{"name":"wp","href":"https:\/\/api.w.org\/{rel}","templated":true}]}}